{"id":1055,"date":"2025-10-10T02:09:28","date_gmt":"2025-10-10T02:09:28","guid":{"rendered":"https:\/\/vietmma.com\/?page_id=1055"},"modified":"2026-01-08T02:51:54","modified_gmt":"2026-01-08T02:51:54","slug":"taysonlinhduoc","status":"publish","type":"page","link":"https:\/\/vietmma.com\/?page_id=1055","title":{"rendered":"T\u00c2Y S\u01a0N LINH D\u01af\u1ee2C"},"content":{"rendered":"<div class=\"post-content\">\n<figure class=\"wp-block-image size-large is-resized\"><img loading=\"lazy\" decoding=\"async\" width=\"1024\" height=\"648\" src=\"https:\/\/vietmma.com\/wp-content\/uploads\/2025\/10\/120x76-1024x648.png\" alt=\"\" class=\"wp-image-1065\" style=\"width:600px\" srcset=\"https:\/\/vietmma.com\/wp-content\/uploads\/2025\/10\/120x76-1024x648.png 1024w, https:\/\/vietmma.com\/wp-content\/uploads\/2025\/10\/120x76-300x190.png 300w, https:\/\/vietmma.com\/wp-content\/uploads\/2025\/10\/120x76-768x486.png 768w, https:\/\/vietmma.com\/wp-content\/uploads\/2025\/10\/120x76.png 1404w\" sizes=\"auto, (max-width: 1024px) 100vw, 1024px\" \/><\/figure>\n\n\n\n<h3 class=\"wp-block-heading\"><em>D\u01b0\u1ee3c li\u1ec7u linh nghi\u1ec7m c\u1ee7a V\u00f5 Y T\u00e2y S\u01a1n B\u00ecnh \u0110\u1ecbnh<\/em><\/h3>\n\n\n\n<hr class=\"wp-block-separator has-alpha-channel-opacity\"\/>\n\n\n\n<h2 class=\"wp-block-heading\"><strong>Tinh hoa v\u00f5 y \u2013 H\u1ed3i sinh s\u1ee9c m\u1ea1nh<\/strong><\/h2>\n\n\n\n<p>T\u1eeb v\u00f9ng \u0111\u1ea5t B\u00ecnh \u0110\u1ecbnh \u2013 c\u00e1i n\u00f4i c\u1ee7a v\u00f5 h\u1ecdc Vi\u1ec7t Nam, n\u01a1i nh\u1eefng b\u1eadc anh h\u00f9ng T\u00e2y S\u01a1n r\u00e8n luy\u1ec7n th\u00e2n \u2013 t\u00e2m \u2013 y \u0111\u1ea1o, <strong>T\u00c2Y S\u01a0N LINH D\u01af\u1ee2C<\/strong> ra \u0111\u1eddi nh\u01b0 m\u1ed9t s\u1ef1 ti\u1ebfp n\u1ed1i tinh hoa c\u1ee7a <strong>v\u00f5 y truy\u1ec1n th\u1ed1ng<\/strong>.<br>Ch\u00fang t\u00f4i tin r\u1eb1ng: <strong>s\u1ee9c m\u1ea1nh th\u1eadt s\u1ef1 c\u1ee7a ng\u01b0\u1eddi Vi\u1ec7t kh\u00f4ng ch\u1ec9 n\u1eb1m \u1edf \u0111\u00f2n th\u1ebf, m\u00e0 c\u00f2n \u1edf kh\u1ea3 n\u0103ng ch\u1eefa l\u00e0nh ch\u00ednh m\u00ecnh.<\/strong><\/p>\n\n\n\n<hr class=\"wp-block-separator has-alpha-channel-opacity\"\/>\n\n\n\n<h2 class=\"wp-block-heading\"><strong>Ngu\u1ed3n g\u1ed1c v\u00e0 c\u1ea3m h\u1ee9ng<\/strong><\/h2>\n\n\n\n<p>D\u1ef1a tr\u00ean nh\u1eefng b\u00e0i thu\u1ed1c xoa b\u00f3p c\u1ed5 truy\u1ec1n \u0111\u01b0\u1ee3c l\u01b0u gi\u1eef qua nhi\u1ec1u th\u1ebf h\u1ec7 v\u00f5 s\u01b0, <strong>T\u00c2Y S\u01a0N LINH D\u01af\u1ee2C<\/strong> \u0111\u01b0\u1ee3c nghi\u00ean c\u1ee9u, c\u1ea3i ti\u1ebfn v\u00e0 chu\u1ea9n h\u00f3a theo ti\u00eau chu\u1ea9n hi\u1ec7n \u0111\u1ea1i, mang \u0111\u1ebfn hi\u1ec7u qu\u1ea3 nhanh, an to\u00e0n v\u00e0 ti\u1ec7n l\u1ee3i.<br>M\u1ed7i gi\u1ecdt d\u1ea7u l\u00e0 s\u1ef1 k\u1ebft h\u1ee3p h\u00e0i h\u00f2a gi\u1eefa <strong>tr\u00ed tu\u1ec7 v\u00f5 y c\u1ed5 ph\u01b0\u01a1ng<\/strong> v\u00e0 <strong>khoa h\u1ecdc chi\u1ebft xu\u1ea5t hi\u1ec7n \u0111\u1ea1i<\/strong>, gi\u00fap xoa d\u1ecbu c\u01a1n \u0111au, ph\u1ee5c h\u1ed3i c\u01a1 kh\u1edbp v\u00e0 l\u01b0u th\u00f4ng kh\u00ed huy\u1ebft.<\/p>\n\n\n\n<hr class=\"wp-block-separator has-alpha-channel-opacity\"\/>\n\n\n\n<div class=\"wp-block-columns is-layout-flex wp-container-core-columns-is-layout-9d6595d7 wp-block-columns-is-layout-flex\">\n<div class=\"wp-block-column is-layout-flow wp-block-column-is-layout-flow\">\n<figure class=\"wp-block-image size-large\"><img loading=\"lazy\" decoding=\"async\" width=\"683\" height=\"1024\" src=\"https:\/\/vietmma.com\/wp-content\/uploads\/2026\/01\/ChatGPT-Image-11_39_57-17-thg-10-2025-683x1024.png\" alt=\"\" class=\"wp-image-1072\" srcset=\"https:\/\/vietmma.com\/wp-content\/uploads\/2026\/01\/ChatGPT-Image-11_39_57-17-thg-10-2025-683x1024.png 683w, https:\/\/vietmma.com\/wp-content\/uploads\/2026\/01\/ChatGPT-Image-11_39_57-17-thg-10-2025-200x300.png 200w, https:\/\/vietmma.com\/wp-content\/uploads\/2026\/01\/ChatGPT-Image-11_39_57-17-thg-10-2025-768x1152.png 768w, https:\/\/vietmma.com\/wp-content\/uploads\/2026\/01\/ChatGPT-Image-11_39_57-17-thg-10-2025.png 1024w\" sizes=\"auto, (max-width: 683px) 100vw, 683px\" \/><\/figure>\n<\/div>\n\n\n\n<div class=\"wp-block-column is-layout-flow wp-block-column-is-layout-flow\">\n<figure class=\"wp-block-image size-large\"><img loading=\"lazy\" decoding=\"async\" width=\"683\" height=\"1024\" src=\"https:\/\/vietmma.com\/wp-content\/uploads\/2026\/01\/TEM-THAO-DUOC-50x75-1-683x1024.png\" alt=\"\" class=\"wp-image-1073\" srcset=\"https:\/\/vietmma.com\/wp-content\/uploads\/2026\/01\/TEM-THAO-DUOC-50x75-1-683x1024.png 683w, https:\/\/vietmma.com\/wp-content\/uploads\/2026\/01\/TEM-THAO-DUOC-50x75-1-200x300.png 200w, https:\/\/vietmma.com\/wp-content\/uploads\/2026\/01\/TEM-THAO-DUOC-50x75-1-768x1152.png 768w, https:\/\/vietmma.com\/wp-content\/uploads\/2026\/01\/TEM-THAO-DUOC-50x75-1-1024x1536.png 1024w, https:\/\/vietmma.com\/wp-content\/uploads\/2026\/01\/TEM-THAO-DUOC-50x75-1-1365x2048.png 1365w, https:\/\/vietmma.com\/wp-content\/uploads\/2026\/01\/TEM-THAO-DUOC-50x75-1-scaled.png 1707w\" sizes=\"auto, (max-width: 683px) 100vw, 683px\" \/><\/figure>\n<\/div>\n<\/div>\n\n\n\n<h2 class=\"wp-block-heading\"><strong>Th\u00e0nh ph\u1ea7n th\u1ea3o d\u01b0\u1ee3c t\u1ef1 nhi\u00ean<\/strong><\/h2>\n\n\n\n<p>T\u1eeb <strong>th\u1ea3o d\u01b0\u1ee3c thi\u00ean nhi\u00ean<\/strong> \u0111\u1ebfn c\u00e1c tinh d\u1ea7u d\u01b0\u1ee3c li\u1ec7u ch\u1ecdn l\u1ecdc \u2013 t\u1ea5t c\u1ea3 \u0111\u01b0\u1ee3c ph\u1ed1i ng\u0169 theo t\u1ec9 l\u1ec7 \u201cn\u00f3ng \u2013 m\u00e1t \u2013 trung h\u00f2a\u201d, gi\u00fap gi\u1ea3m \u0111au nhanh m\u00e0 kh\u00f4ng g\u00e2y n\u00f3ng r\u00e1t hay k\u00edch \u1ee9ng da.<br>Kh\u00f4ng h\u01b0\u01a1ng li\u1ec7u h\u00f3a h\u1ecdc, kh\u00f4ng ph\u1ea9m m\u00e0u, kh\u00f4ng paraben \u2013 ch\u1ec9 c\u00f3 <strong>h\u01b0\u01a1ng th\u1ea3o m\u1ed9c \u1ea5m n\u1ed3ng v\u00e0 tinh t\u00fay thi\u00ean nhi\u00ean.<\/strong><\/p>\n\n\n\n<hr class=\"wp-block-separator has-alpha-channel-opacity\"\/>\n\n\n\n<h2 class=\"wp-block-heading\"><strong>C\u00f4ng d\u1ee5ng v\u01b0\u1ee3t tr\u1ed9i<\/strong><\/h2>\n\n\n\n<ul class=\"wp-block-list\">\n<li>Gi\u1ea3m \u0111au c\u01a1, \u0111au kh\u1edbp, \u0111au vai g\u00e1y, l\u01b0ng, g\u1ed1i.<\/li>\n\n\n\n<li>Gi\u00fap th\u01b0 gi\u00e3n c\u01a1 b\u1eafp, tan m\u1ecfi nhanh sau v\u1eadn \u0111\u1ed9ng.<\/li>\n\n\n\n<li>H\u1ed7 tr\u1ee3 h\u1ed3i ph\u1ee5c ch\u1ea5n th\u01b0\u01a1ng nh\u1eb9 trong luy\u1ec7n t\u1eadp v\u00f5 thu\u1eadt, th\u1ec3 thao.<\/li>\n\n\n\n<li>Gi\u1eef \u1ea5m kh\u1edbp v\u00e0 l\u01b0u th\u00f4ng kh\u00ed huy\u1ebft hi\u1ec7u qu\u1ea3.<\/li>\n<\/ul>\n\n\n\n<hr class=\"wp-block-separator has-alpha-channel-opacity\"\/>\n\n\n\n<h2 class=\"wp-block-heading\"><strong>D\u00e0nh cho ai<\/strong><\/h2>\n\n\n\n<ul class=\"wp-block-list\">\n<li>V\u00f5 sinh, HLV, v\u1eadn \u0111\u1ed9ng vi\u00ean th\u1ec3 thao.<\/li>\n\n\n\n<li>Ng\u01b0\u1eddi lao \u0111\u1ed9ng n\u1eb7ng, d\u00e2n v\u0103n ph\u00f2ng ng\u1ed3i l\u00e2u.<\/li>\n\n\n\n<li>Ng\u01b0\u1eddi l\u1edbn tu\u1ed5i b\u1ecb \u0111au nh\u1ee9c x\u01b0\u01a1ng kh\u1edbp, l\u1ea1nh vai g\u00e1y.<\/li>\n\n\n\n<li>B\u1ea5t k\u1ef3 ai mu\u1ed1n ch\u0103m s\u00f3c c\u01a1 th\u1ec3 theo c\u00e1ch t\u1ef1 nhi\u00ean v\u00e0 an to\u00e0n.<\/li>\n<\/ul>\n\n\n\n<hr class=\"wp-block-separator has-alpha-channel-opacity\"\/>\n\n\n\n<h2 class=\"wp-block-heading\"><strong>T\u1ef1 h\u00e0o mang h\u1ed3n Vi\u1ec7t<\/strong><\/h2>\n\n\n\n<p>Kh\u00f4ng ch\u1ec9 l\u00e0 m\u1ed9t s\u1ea3n ph\u1ea9m gi\u1ea3m \u0111au \u2013 <strong>T\u00c2Y S\u01a0N LINH D\u01af\u1ee2C<\/strong> l\u00e0 bi\u1ec3u t\u01b0\u1ee3ng c\u1ee7a <strong>v\u00f5 \u0111\u1ea1o, y \u0111\u1ea1o v\u00e0 tinh th\u1ea7n d\u00e2n t\u1ed9c.<\/strong><br>T\u1eeb <strong>ng\u00f4i l\u00e0ng v\u00f5 B\u00ecnh \u0110\u1ecbnh<\/strong> \u0111\u1ebfn <strong>ph\u00f2ng t\u1eadp th\u1ec3 thao hi\u1ec7n \u0111\u1ea1i<\/strong>, t\u1eeb <strong>ng\u01b0\u1eddi th\u1ea7y v\u00f5<\/strong> \u0111\u1ebfn <strong>ng\u01b0\u1eddi lao \u0111\u1ed9ng b\u00ecnh d\u1ecb<\/strong>, ng\u1ecdn l\u1eeda h\u1ed3i sinh s\u1ee9c m\u1ea1nh lu\u00f4n ch\u00e1y trong t\u1eebng gi\u1ecdt Linh D\u01b0\u1ee3c.<\/p>\n\n\n\n<hr class=\"wp-block-separator has-alpha-channel-opacity\"\/>\n\n\n\n<h2 class=\"wp-block-heading\"><strong>Th\u00f4ng tin s\u1ea3n ph\u1ea9m<\/strong><\/h2>\n\n\n\n<ul class=\"wp-block-list\">\n<li><strong>T\u00ean:<\/strong> D\u1ea7u Xoa B\u00f3p Gia Truy\u1ec1n T\u00c2Y S\u01a0N LINH D\u01af\u1ee2C<\/li>\n\n\n\n<li><strong>Dung t\u00edch:<\/strong> 100ml<\/li>\n\n\n\n<li><strong>Th\u00e0nh ph\u1ea7n:<\/strong> Th\u1ea3o d\u01b0\u1ee3c thi\u00ean nhi\u00ean, ethanol y t\u1ebf.<\/li>\n\n\n\n<li><strong>S\u1ea3n xu\u1ea5t t\u1ea1i:<\/strong> Y V\u00f5 T\u00e2y S\u01a1n \u2013 954a l\u1ea1c long qu\u00e2n -q. t\u00e2n b\u00ecnh tp.hcm.<\/li>\n\n\n\n<li><strong>Ph\u00e1t tri\u1ec3n, ph\u00e2n ph\u1ed1i  b\u1edfi:<\/strong> <strong>VietMMA.com<\/strong><\/li>\n\n\n\n<li><strong>HSD:<\/strong> 24 th\u00e1ng k\u1ec3 t\u1eeb ng\u00e0y s\u1ea3n xu\u1ea5t.<\/li>\n<\/ul>\n\n\n\n<hr class=\"wp-block-separator has-alpha-channel-opacity\"\/>\n\n\n\n<h2 class=\"wp-block-heading\">\ud83c\udf3f <strong>Th\u00f4ng \u0111i\u1ec7p th\u01b0\u01a1ng hi\u1ec7u<\/strong><\/h2>\n\n\n\n<blockquote class=\"wp-block-quote is-layout-flow wp-block-quote-is-layout-flow\">\n<p>\u201cTinh hoa v\u00f5 y \u2013 H\u1ed3i sinh s\u1ee9c m\u1ea1nh.\u201d<br>M\u1ed7i gi\u1ecdt Linh D\u01b0\u1ee3c l\u00e0 m\u1ed9t ph\u1ea7n linh h\u1ed3n c\u1ee7a ng\u01b0\u1eddi con \u0111\u1ea5t v\u00f5.<\/p>\n<\/blockquote>\n\n\n\n<h2 class=\"wp-block-heading\">\ud83d\uded2 <strong>\u0110\u1eb7t h\u00e0ng ch\u00ednh h\u00e3ng<\/strong><\/h2>\n\n\n\n<p>\ud83d\udc49 <strong>T\u00e2y S\u01a1n Linh D\u01b0\u1ee3c \u2013 D\u1ea7u th\u1ea3o d\u01b0\u1ee3c Vi\u1ec7t Nam<\/strong><br>\ud83d\udccd Xu\u1ea5t x\u1ee9: B\u00ed quy\u1ebft gia truy\u1ec1n<br>\ud83d\udcde Hotline: 0789150686<br>\ud83c\udf10 Website: <a href=\"https:\/\/vietmma.com\/?page_id=1055\">https:\/\/vietmma.com\/?page_id=1055<\/a><br>\ud83c\udf81 <em>Mi\u1ec5n ph\u00ed giao h\u00e0ng to\u00e0n qu\u1ed1c \u2013 Gi\u1ea3m 10% cho v\u00f5 \u0111\u01b0\u1eddng, ph\u00f2ng t\u1eadp, \u0111\u1ea1i l\u00fd.<\/em><\/p>\n<\/div>","protected":false},"excerpt":{"rendered":"<p>D\u01b0\u1ee3c li\u1ec7u linh nghi\u1ec7m c\u1ee7a V\u00f5 Y T\u00e2y S\u01a1n B\u00ecnh \u0110\u1ecbnh Tinh hoa v\u00f5 y \u2013<a href=\"https:\/\/vietmma.com\/?page_id=1055\">\u0110\u1ecdc th\u00eam<i class=\"fa fa-long-arrow-right\" aria-hidden=\"true\"><\/i><\/a><\/p>\n","protected":false},"author":1,"featured_media":1057,"parent":0,"menu_order":0,"comment_status":"closed","ping_status":"closed","template":"","meta":{"footnotes":""},"class_list":["post-1055","page","type-page","status-publish","has-post-thumbnail","hentry"],"_links":{"self":[{"href":"https:\/\/vietmma.com\/index.php?rest_route=\/wp\/v2\/pages\/1055","targetHints":{"allow":["GET"]}}],"collection":[{"href":"https:\/\/vietmma.com\/index.php?rest_route=\/wp\/v2\/pages"}],"about":[{"href":"https:\/\/vietmma.com\/index.php?rest_route=\/wp\/v2\/types\/page"}],"author":[{"embeddable":true,"href":"https:\/\/vietmma.com\/index.php?rest_route=\/wp\/v2\/users\/1"}],"replies":[{"embeddable":true,"href":"https:\/\/vietmma.com\/index.php?rest_route=%2Fwp%2Fv2%2Fcomments&post=1055"}],"version-history":[{"count":5,"href":"https:\/\/vietmma.com\/index.php?rest_route=\/wp\/v2\/pages\/1055\/revisions"}],"predecessor-version":[{"id":1074,"href":"https:\/\/vietmma.com\/index.php?rest_route=\/wp\/v2\/pages\/1055\/revisions\/1074"}],"wp:featuredmedia":[{"embeddable":true,"href":"https:\/\/vietmma.com\/index.php?rest_route=\/wp\/v2\/media\/1057"}],"wp:attachment":[{"href":"https:\/\/vietmma.com\/index.php?rest_route=%2Fwp%2Fv2%2Fmedia&parent=1055"}],"curies":[{"name":"wp","href":"https:\/\/api.w.org\/{rel}","templated":true}]}}